{"id":34,"date":"2017-03-26T13:56:38","date_gmt":"2017-03-26T13:56:38","guid":{"rendered":"http:\/\/soundrise.irontemplates.com\/vice\/contact\/"},"modified":"2023-03-27T19:38:29","modified_gmt":"2023-03-27T17:38:29","slug":"contact","status":"publish","type":"page","link":"https:\/\/www.traumton.de\/records\/contact\/","title":{"rendered":"Contact"},"content":{"rendered":"<section class=\"wpb-content-wrapper\"><p>[vc_row content_placement=&#8220;top&#8220; css=&#8220;.vc_custom_1491939414732{margin-top: -150px !important;}&#8220;][vc_column][vc_row_inner css=&#8220;.vc_custom_1491935504975{padding-top: 90px !important;padding-right: 90px !important;padding-bottom: 90px !important;padding-left: 90px !important;background-color: #ffffff !important;}&#8220;][vc_column_inner width=&#8220;1\/2&#8243;][vc_custom_heading text=&#8220;Contact&#8220; use_theme_fonts=&#8220;yes&#8220; fit_bg_text=&#8220;0&#8243;][vc_column_text]<\/p>\n<h2><strong>TRAUMTON Records<\/strong><\/h2>\n<p>Grunewaldstrasse 9<br \/>\n13597 Berlin<br \/>\nGermany<\/p>\n<p>General Inquiries:\u00a0<a href=\"mailto:info@traumton.de\">info@traumton.de<\/a>[\/vc_column_text][\/vc_column_inner][vc_column_inner width=&#8220;1\/2&#8243; css=&#8220;.vc_custom_1491935648380{margin-top: 70px !important;}&#8220;]\n<div class=\"wpcf7 no-js\" id=\"wpcf7-f7295-o1\" lang=\"de-DE\" dir=\"ltr\" data-wpcf7-id=\"7295\">\n<div class=\"screen-reader-response\"><p role=\"status\" aria-live=\"polite\" aria-atomic=\"true\"><\/p> <ul><\/ul><\/div>\n<form action=\"\/records\/wp-json\/wp\/v2\/pages\/34#wpcf7-f7295-o1\" method=\"post\" class=\"wpcf7-form init\" aria-label=\"Kontaktformular\" novalidate=\"novalidate\" data-status=\"init\">\n<fieldset class=\"hidden-fields-container\"><input type=\"hidden\" name=\"_wpcf7\" value=\"7295\" \/><input type=\"hidden\" name=\"_wpcf7_version\" value=\"6.1.5\" \/><input type=\"hidden\" name=\"_wpcf7_locale\" value=\"de_DE\" \/><input type=\"hidden\" name=\"_wpcf7_unit_tag\" value=\"wpcf7-f7295-o1\" \/><input type=\"hidden\" name=\"_wpcf7_container_post\" value=\"0\" \/><input type=\"hidden\" name=\"_wpcf7_posted_data_hash\" value=\"\" \/>\n<\/fieldset>\n<p><label> Dein Name \/ Your name (Pflichtfeld \/ required)<br \/>\n<span class=\"wpcf7-form-control-wrap\" data-name=\"your-name\"><input size=\"40\" maxlength=\"400\" class=\"wpcf7-form-control wpcf7-text wpcf7-validates-as-required\" aria-required=\"true\" aria-invalid=\"false\" value=\"\" type=\"text\" name=\"your-name\" \/><\/span> <\/label>\n<\/p>\n<p><label> Deine E-Mail-Adresse \/ Your e-mail-adress (Pflichtfeld \/ required)<br \/>\n<span class=\"wpcf7-form-control-wrap\" data-name=\"your-email\"><input size=\"40\" maxlength=\"400\" class=\"wpcf7-form-control wpcf7-email wpcf7-validates-as-required wpcf7-text wpcf7-validates-as-email\" aria-required=\"true\" aria-invalid=\"false\" value=\"\" type=\"email\" name=\"your-email\" \/><\/span> <\/label>\n<\/p>\n<p><label> Betreff \/ Subject<br \/>\n<span class=\"wpcf7-form-control-wrap\" data-name=\"your-subject\"><input size=\"40\" maxlength=\"400\" class=\"wpcf7-form-control wpcf7-text\" aria-invalid=\"false\" value=\"\" type=\"text\" name=\"your-subject\" \/><\/span> <\/label>\n<\/p>\n<p><label> Deine Nachricht \/ Your message<br \/>\n<span class=\"wpcf7-form-control-wrap\" data-name=\"your-message\"><textarea cols=\"40\" rows=\"10\" maxlength=\"2000\" class=\"wpcf7-form-control wpcf7-textarea\" aria-invalid=\"false\" name=\"your-message\"><\/textarea><\/span> <\/label>\n<\/p>\n<p><input class=\"wpcf7-form-control wpcf7-submit has-spinner\" type=\"submit\" value=\"Senden \/ Send\" \/>\n<\/p><div class=\"wpcf7-response-output\" aria-hidden=\"true\"><\/div>\n<\/form>\n<\/div>\n[\/vc_column_inner][\/vc_row_inner][vc_row_inner css=&#8220;.vc_custom_1491939438873{padding-right: 90px !important;padding-bottom: 90px !important;padding-left: 90px !important;background-color: #ffffff !important;}&#8220;][vc_column_inner][vc_column_text css=&#8220;.vc_custom_1611844934820{border-top-width: 1px !important;border-right-width: 1px !important;border-bottom-width: 1px !important;border-left-width: 1px !important;padding-top: 20px !important;padding-right: 20px !important;padding-bottom: 40px !important;padding-left: 20px !important;background-color: #ffffff !important;border-left-color: #0a0a0a !important;border-left-style: dashed !important;border-right-color: #0a0a0a !important;border-right-style: dashed !important;border-top-color: #0a0a0a !important;border-top-style: dashed !important;border-bottom-color: #0a0a0a !important;border-bottom-style: dashed !important;}&#8220;]<\/p>\n<h2>Demo Policy<a name=\"top\"><\/a><\/h2>\n<p>Wir freuen uns \u00fcber Angebote, so sie in unser Repertoire passen. Wir schicken Material, das uns unaufgefordert zugeschickt wurde nur zur\u00fcck, wenn ein frankierter R\u00fcckumschlag beiliegt. Da wir ein kleines Label sind und der Tag nur 24 Stunden hat, kann es eine Weile dauern, bis wir dazu kommen, CDs anzuh\u00f6ren. Aber sicher ist, dass wir uns melden, wenn wir ein Thema interessant finden.<a name=\"top\"><\/a><\/p>\n<p>&nbsp;<\/p>\n<p><em>We accept submissions by mail or e-mail. As a prerequisite for demo submission we ask that you look at our roster list. If you think you might fit with our line-up send us a package with your contact information. We do not return demos except by specific request, if you wish to have your demo returned send SASE with the correct postage. Keep in mind that we are small and that it might take us some time before we get a chance to listen to your demo. Be sure that we will contact you, if we are interested.<\/em><\/p>\n<p><a name=\"top\"><\/a>[\/vc_column_text][\/vc_column_inner][\/vc_row_inner][\/vc_column][\/vc_row]<\/p>\n<\/section>","protected":false},"excerpt":{"rendered":"<p>[vc_row content_placement=&#8220;top&#8220; css=&#8220;.vc_custom_1491939414732{margin-top: -150px !important;}&#8220;][vc_column][vc_row_inner css=&#8220;.vc_custom_1491935504975{padding-top: 90px !important;padding-right: 90px !important;padding-bottom: 90px !important;padding-left: 90px !important;background-color: #ffffff !important;}&#8220;][vc_column_inner width=&#8220;1\/2&#8243;][vc_custom_heading text=&#8220;Contact&#8220; use_theme_fonts=&#8220;yes&#8220; fit_bg_text=&#8220;0&#8243;][vc_column_text] TRAUMTON Records Grunewaldstrasse 9 13597 Berlin Germany General Inquiries:\u00a0info@traumton.de[\/vc_column_text][\/vc_column_inner][vc_column_inner width=&#8220;1\/2&#8243; css=&#8220;.vc_custom_1491935648380{margin-top: 70px !important;}&#8220;][\/vc_column_inner][\/vc_row_inner][vc_row_inner css=&#8220;.vc_custom_1491939438873{padding-right: 90px !important;padding-bottom: 90px !important;padding-left: 90px !important;background-color: #ffffff !important;}&#8220;][vc_column_inner][vc_column_text css=&#8220;.vc_custom_1611844934820{border-top-width: 1px !important;border-right-width: 1px !important;border-bottom-width: 1px !important;border-left-width: 1px !important;padding-top: 20px !important;padding-right: 20px !important;padding-bottom: 40px !important;padding-left: 20px !important;background-color: #ffffff !important;border-left-color: #0a0a0a !important;border-left-style: dashed !important;border-right-color: #0a0a0a !important;border-right-style: dashed !important;border-top-color: #0a0a0a !important;border-top-style: dashed !important;border-bottom-color: #0a0a0a !important;border-bottom-style: dashed !important;}&#8220;] Demo Policy Wir [&hellip;]<\/p>\n","protected":false},"author":1,"featured_media":0,"parent":0,"menu_order":10,"comment_status":"closed","ping_status":"closed","template":"","meta":{"footnotes":""},"class_list":["post-34","page","type-page","status-publish","hentry"],"_links":{"self":[{"href":"https:\/\/www.traumton.de\/records\/wp-json\/wp\/v2\/pages\/34","targetHints":{"allow":["GET"]}}],"collection":[{"href":"https:\/\/www.traumton.de\/records\/wp-json\/wp\/v2\/pages"}],"about":[{"href":"https:\/\/www.traumton.de\/records\/wp-json\/wp\/v2\/types\/page"}],"author":[{"embeddable":true,"href":"https:\/\/www.traumton.de\/records\/wp-json\/wp\/v2\/users\/1"}],"replies":[{"embeddable":true,"href":"https:\/\/www.traumton.de\/records\/wp-json\/wp\/v2\/comments?post=34"}],"version-history":[{"count":22,"href":"https:\/\/www.traumton.de\/records\/wp-json\/wp\/v2\/pages\/34\/revisions"}],"predecessor-version":[{"id":9341,"href":"https:\/\/www.traumton.de\/records\/wp-json\/wp\/v2\/pages\/34\/revisions\/9341"}],"wp:attachment":[{"href":"https:\/\/www.traumton.de\/records\/wp-json\/wp\/v2\/media?parent=34"}],"curies":[{"name":"wp","href":"https:\/\/api.w.org\/{rel}","templated":true}]}}