{"id":7274,"date":"2021-02-04T10:35:54","date_gmt":"2021-02-04T09:35:54","guid":{"rendered":"https:\/\/www.traumton.de\/records\/?page_id=7274"},"modified":"2023-02-10T11:21:07","modified_gmt":"2023-02-10T10:21:07","slug":"2-2","status":"publish","type":"page","link":"https:\/\/www.traumton.de\/records\/2-2\/","title":{"rendered":"\u00dcber uns \/ About us"},"content":{"rendered":"<section class=\"wpb-content-wrapper\"><p>[vc_row iron_row_type=&#8220;full_width&#8220; iron_remove_padding_medium=&#8220;tabletnopadding&#8220; iron_remove_padding_small=&#8220;&#8220; iron_overlay_pattern=&#8220;&#8220; iron_parallax=&#8220;&#8220; iron_bg_video=&#8220;&#8220; css=&#8220;.vc_custom_1491998156906{margin-top: 50px !important;margin-bottom: 100px !important;}&#8220;][vc_column][vc_custom_heading source=&#8220;post_title&#8220; font_container=&#8220;tag:h4|font_size:13px|text_align:center|color:%23686868|line_height:16px&#8220; use_theme_fonts=&#8220;yes&#8220; fit_bg_text=&#8220;0&#8243; css=&#8220;.vc_custom_1611754108265{margin-bottom: 50px !important;}&#8220;][vc_custom_heading text=&#8220;&#8220; font_container=&#8220;tag:h1|text_align:center&#8220; use_theme_fonts=&#8220;yes&#8220; fit_bg_text=&#8220;0&#8243; css=&#8220;.vc_custom_1612376672767{margin-bottom: -20px !important;}&#8220;][\/vc_column][\/vc_row][vc_row full_height=&#8220;yes&#8220; parallax=&#8220;content-moving-fade&#8220; parallax_image=&#8220;7258&#8243; iron_row_type=&#8220;full_width&#8220; iron_remove_padding_medium=&#8220;tabletnopadding&#8220; iron_remove_padding_small=&#8220;&#8220; iron_overlay_pattern=&#8220;&#8220; iron_parallax=&#8220;&#8220; iron_bg_video=&#8220;&#8220;][vc_column el_class=&#8220;.nopadding&#8220;][\/vc_column][\/vc_row][vc_row iron_row_type=&#8220;full_width&#8220; iron_remove_padding_medium=&#8220;tabletnopadding&#8220; iron_remove_padding_small=&#8220;&#8220; iron_overlay_pattern=&#8220;&#8220; iron_parallax=&#8220;&#8220; iron_bg_video=&#8220;&#8220; css=&#8220;.vc_custom_1491998717774{margin-top: 100px !important;margin-bottom: 100px !important;padding-right: 10px !important;padding-left: 10px !important;}&#8220;][vc_column][vc_empty_space height=&#8220;10px&#8220;][vc_row_inner gap=&#8220;30&#8243; iron_bg_video=&#8220;&#8220;][vc_column_inner][vc_column_text css=&#8220;.vc_custom_1612377644115{margin-right: 4px !important;}&#8220;]Traumton existiert als Musikproduktionsfirma und Studio seit 1989, das Label Traumton Records wurde 1992 gegr\u00fcndet. Auf Seite des Labels haben wir uns spezialisiert auf Produktionen und Ver\u00f6ffentlichungen in den Bereichen Jazz, Worldmusic und Ambient\/Avantgarde, sowie Pop\/Chanson und Unterhaltung. Wir suchen die Zusammenarbeit mit K\u00fcnstlern und Projekten, die ihrerseits eine eigenst\u00e4ndige musikalische Sprache entwickelt haben und k\u00fcnstlerische Vision und Perspektive mitbringen. Wir sch\u00e4tzen originelle Ideen und Individualit\u00e4t, Experimentierfreude und Risikobereitschaft auch wenn sie sich mit den Forderungen des Marktes schwer vertragen, ihrer Zeit voraus laufen oder einfach nur ein bi\u00dfchen verr\u00fcckt sind. Im eigenen Studio, einem ehemaligen Ballsaal aus den 20-er Jahren, haben wir die M\u00f6glichkeit, solche Projekte zu realisieren. Und freuen uns, wenn daraus langfristige Zusammenarbeiten werden. Neben diesen eigenen Produktionen lizensieren wir auch aus dem In- und Ausland.<\/p>\n<p><strong>Demos und A&amp;R<\/strong><br \/>\nWir freuen uns \u00fcber Angebote, so sie in unser Repertoire passen. Wir schicken Material, das uns unaufgefordert zugeschickt wurde nur zur\u00fcck, wenn ein frankierter R\u00fcckumschlag beiliegt. Da wir ein kleines Label sind und der Tag nur 24 Stunden hat, kann es eine Weile dauern, bis wir dazu kommen, CDs anzuh\u00f6ren. Aber sicher ist, dass wir uns melden, wenn wir ein Thema interessant finden.<\/p>\n<p>&nbsp;[\/vc_column_text]\t<div class=\"dividerwrap\" style=\"padding-top:px; padding-bottom:px;\">\r\n\t\t<div class=\"defaultdivider center\" style=\"background-color:rgb(148, 151, 159)\"><\/div>\r\n\t\t<div class=\"clear\"><\/div>\r\n\t<\/div>[\/vc_column_inner][\/vc_row_inner][vc_row_inner gap=&#8220;30&#8243; iron_bg_video=&#8220;&#8220;][vc_column_inner][vc_column_text css=&#8220;.vc_custom_1612376308452{margin-right: 4px !important;}&#8220;]<em>Founded as a music production company and studio in 1989, Traumton (pronounced Trowm&#8217;tone) is running the label Traumton Records since 1992. Traumton Records specializes in beautifully packaged, audiophile quality recordings of jazz, world, ambient and german pop\/chanson music performed by artists from Germany, Switzerland, Portugal, the US and Brazil.<\/em><\/p>\n<p><em>We believe in developing long term relationships with artists and projects offering a unique musical style, artistic and creative visons and perspectives. We appreciate original ideas and individuality, the pleasure of trying experiments and the readiness for taking risks, though this might not relate to the situation of the market or just be a little crazy. We offer open ears and an open mind, a place to grow for newcomers and a place to bloom for established artists. Next to distributing our cd&#8217;s through the companies mentioned, we are running an internet store and ship cds to our customers directly and worldwide.<\/em><\/p>\n<p><em><strong>Our Policy Concerning A&amp;R<\/strong><\/em><br \/>\n<em>We accept submissions by mail or e-mail. As a prerequisite for demo submission we ask that you look at our roster list. If you think you might fit with our line-up send us a package with your contact information. We do not return demos except by specific request, if you wish to have your demo returned send SASE with the correct postage. Keep in mind that we are small and that it might take us some time before we get a chance to listen to your demo. Be sure that we will contact you, if we are interested.<\/em>[\/vc_column_text][\/vc_column_inner][\/vc_row_inner][\/vc_column][\/vc_row][vc_row content_placement=&#8220;middle&#8220; parallax=&#8220;content-moving-fade&#8220; parallax_image=&#8220;7258&#8243; iron_row_type=&#8220;full_width&#8220; iron_remove_padding_medium=&#8220;&#8220; iron_remove_padding_small=&#8220;&#8220; iron_overlay_pattern=&#8220;&#8220; iron_parallax=&#8220;parallax&#8220; iron_bg_video=&#8220;&#8220; css=&#8220;.vc_custom_1612379892739{padding-top: 165px !important;padding-bottom: 165px !important;}&#8220;][vc_column][vc_row_inner iron_bg_video=&#8220;&#8220;][vc_column_inner][vc_custom_heading text=&#8220;The <i>ultimate<\/i><br \/>\nplace<br \/>\nfor <i>Jazz &amp; Worldmusic<\/i>&#8220; font_container=&#8220;tag:h4|font_size:24px|text_align:center|color:%2325262d|line_height:38px&#8220; google_fonts=&#8220;font_family:ABeeZee%3Aregular%2Citalic|font_style:400%20regular%3A400%3Anormal&#8220; fit_bg_text=&#8220;1&#8243; fit_bg_align=&#8220;fit_bg_center&#8220; css=&#8220;.vc_custom_1612380043318{padding-top: 60px !important;padding-right: 40px !important;padding-bottom: 60px !important;padding-left: 40px !important;background-color: #ebebeb !important;}&#8220;][\/vc_column_inner][\/vc_row_inner][\/vc_column][\/vc_row][vc_row iron_row_type=&#8220;in_container&#8220; iron_remove_padding_medium=&#8220;tabletnopadding&#8220; iron_remove_padding_small=&#8220;mobilenopadding&#8220; iron_overlay_pattern=&#8220;&#8220; iron_parallax=&#8220;&#8220; iron_bg_video=&#8220;&#8220; css=&#8220;.vc_custom_1491999953410{margin-top: 130px !important;margin-bottom: 180px !important;padding-right: 8px !important;padding-left: 8px !important;}&#8220;][vc_column][vc_row_inner][vc_column_inner][vc_empty_space height=&#8220;26px&#8220;]\t<div class=\"dividerwrap\" style=\"padding-top:px; padding-bottom:px;\">\r\n\t\t<div class=\"defaultdivider center\" style=\"background-color:#0a0a0a\"><\/div>\r\n\t\t<div class=\"clear\"><\/div>\r\n\t<\/div>[vc_empty_space height=&#8220;40px&#8220;][vc_custom_heading text=&#8220;30 Jahre Traumton&#8220; font_container=&#8220;tag:h4|font_size:13px|text_align:center|line_height:24px&#8220; use_theme_fonts=&#8220;yes&#8220; fit_bg_text=&#8220;0&#8243; el_class=&#8220;.costumespacing1&#8243; css=&#8220;.vc_custom_1612379353555{margin-bottom: -15px !important;}&#8220;][vc_empty_space height=&#8220;40px&#8220;][vc_column_text css=&#8220;.vc_custom_1611754369618{padding-right: 5% !important;padding-left: 5% !important;}&#8220;][\/vc_column_text][vc_column_text]\u201eIn einem \u00dcberschwang von optimistischem Idealismus stand der Name Traumton 1989 f\u00fcr die Idee, zu tun, wovon man immer getr\u00e4umt hat\u201c, erinnert sich Stefanie Marcus. \u201eDas war &#8211; und ist bis heute &#8211; im wahrsten Sinne des Wortes \u201aindependent\u2019: es ging und geht um die Freiheit, den eigene Ideen und Vorstellungen zu folgen und sie umzusetzen.\u201c<\/p>\n<p>Lang ist die Liste hochkar\u00e4tiger K\u00fcnstlerinnen und K\u00fcnstler, die in den zur\u00fcckliegenden drei Dekaden von Traumton produziert und auf weit \u00fcber 300 Alben ver\u00f6ffentlicht wurden. Mit einer nachhaltigen, auf lange Sicht angelegten Zusammenarbeit konnten Label und Verlag vielfach ma\u00dfgeblich zum Aufbau einer dauerhaften Karriere beitragen. Unvergesslich sind die ersten Produktionen von Traumton mit dem schon damals herausragenden Vokal-Vision\u00e4r Theo Bleckmann, ob im Duo mit Pianist Kirk Nurock oder auf dem singul\u00e4ren \u201eAnteroom\u201c-Album, das noch heute als Meilenstein f\u00fcr Bleckmanns h\u00f6chst wandlungsf\u00e4hige, Grenzen aufl\u00f6sende Gesangskunst gilt.<\/p>\n<p>Zu den Musiker*innen der ersten Jahre geh\u00f6ren ebenfalls Vibraphonist David Friedman, die unvergleichliche, amerikanisch-schweizerische Gesamtk\u00fcnstlerin Erika Stucky und als weiterer Ausnahmes\u00e4nger Michael Schiefel. Viele, die zu einem fr\u00fchen Zeitpunkt ihrer Karriere bei Traumton landeten, z\u00e4hlen heute zu jener Speerspitze des deutschen Jazz, die auch international beachtet wird. Darunter Frederik K\u00f6ster, Jonas Burgwinkel, Sebastian Sternal (Symphonic Society), das Lisbeth Quartett und das Melt Trio. Als Verantwortliche f\u00fcr das Repertoire des Labels hat die ehemalige Musikerin (Gitarre, Bass), Schauspielerin und Fotografin Stefanie Marcus immer wieder Talente aus anderen L\u00e4ndern entdeckt und aufgebaut. Etwa den \u00f6sterreichischen Pianisten David Helbock, weitere Schweizer wie den Querdenker Christian Zehnder, Pianist Florian Favre, den Geiger Tobias Preisig, das ungarische Duo Veronika Harcsa &amp; B\u00e1lint Gy\u00e9m\u00e1nt und den australischen Pianisten Paul Hankinson.<\/p>\n<p>Was f\u00fcr Pop-Plattenfirmen goldene Schallplatten als Ausweis ihres kommerziellen Erfolges sind, das sind im Jazz und angrenzenden Genres Preise, die als Anerkennung f\u00fcr herausragende Qualit\u00e4t vergeben werden. Viele der oben genannten K\u00fcnstler wurden mit Jazz-\u201eEchos\u201c und\/oder dem \u201eNeuen Deutschen Jazzpreis\u201c geehrt, w\u00e4hrend Heinz Ratz alias Strom &amp; Wasser als politisch engagierter Songschreiber f\u00fcr seine Traumton-Alben mehrfach den Preis der deutschen Schallplattenkritik erhielt. Auch die Jazzpreise des WDR und SWR landeten bei Traumton-K\u00fcnstlern wie Frederik K\u00f6ster und Eric Schaefer.<\/p>\n<p>Seit der Gr\u00fcndung 1989 haben Stefanie Marcus und ihr Studio-Produktions-Partner Wolfgang Loos Traumton zu einer profilierten Marke im Bereich Jazz, Weltmusik und Singer\/Songwriter gemacht. Multiinstrumentalist und Komponist Loos pr\u00e4gt bis heute als Tonmeister und Produzent den fein differenzierten Sound. Zudem h\u00e4lt er eine Professur f\u00fcr Musik\u00fcbertragung und leitet seit 2008 den Studiengang Tonmeister an der UdK Berlin.<\/p>\n<p>Das Au\u00dfergew\u00f6hnliche, der Rand, das Wagnis und ein ausgepr\u00e4gter Sinn f\u00fcr starke und individuelle K\u00fcnstlerpers\u00f6nlichkeiten zeichnen Traumton-Ver\u00f6ffentlichungen aus. \u201eVon jeher haben wir die Zusammenarbeit mit K\u00fcnstlern und Projekten gesucht, die ihrerseits eine eigenst\u00e4ndige musikalische Sprache entwickeln und k\u00fcnstlerische Perspektiven mitbringen\u201c, sagt Stefanie Marcus. \u201eWir sch\u00e4tzen originelle Ideen und Individualit\u00e4t, Experimentierfreude und Risikobereitschaft, auch wenn sie sich mit den Forderungen des Marktes schwer vertragen, ihrer Zeit voraus laufen oder einfach nur ein bi\u00dfchen verr\u00fcckt sind. Im unserem variablen Studio, einem ehemaligen Ballsaal aus den zwanziger Jahren, k\u00f6nnen wir Ideen und Projekte von unterschiedlichster Art gezielt umsetzen.\u201c<\/p>\n<p>Trotz aller Entwicklungen im Lauf der vergangenen drei Dekaden bestimmt der Gr\u00fcndungsgedanke als Leitmotiv die Arbeit\/Produktionen von Traumton bis heute. \u201eEs f\u00fchlt sich ausgesprochen gut an, die Unabh\u00e4ngigkeit bewahrt, die eigenen Geschmacks- und Qualit\u00e4tsanspr\u00fcche nicht aufgegeben zu haben\u201c, sagt Marcus. \u201eUnd gl\u00fccklicherweise zeigt sich immer wieder, dass sich Unabh\u00e4ngigkeit und kommerzieller Erfolg auch miteinander vereinen lassen.\u201c[\/vc_column_text][\/vc_column_inner][\/vc_row_inner][\/vc_column][\/vc_row][vc_row][vc_column][vc_btn title=&#8220;Contact us&#8220; align=&#8220;center&#8220; link=&#8220;url:https%3A%2F%2Fwww.traumton.de%2Frecords%2Fcontact%2F&#8220;][\/vc_column][\/vc_row]<\/p>\n<\/section>","protected":false},"excerpt":{"rendered":"<p>[vc_row iron_row_type=&#8220;full_width&#8220; iron_remove_padding_medium=&#8220;tabletnopadding&#8220; iron_remove_padding_small=&#8220;&#8220; iron_overlay_pattern=&#8220;&#8220; iron_parallax=&#8220;&#8220; iron_bg_video=&#8220;&#8220; css=&#8220;.vc_custom_1491998156906{margin-top: 50px !important;margin-bottom: 100px !important;}&#8220;][vc_column][vc_custom_heading source=&#8220;post_title&#8220; font_container=&#8220;tag:h4|font_size:13px|text_align:center|color:%23686868|line_height:16px&#8220; use_theme_fonts=&#8220;yes&#8220; fit_bg_text=&#8220;0&#8243; css=&#8220;.vc_custom_1611754108265{margin-bottom: 50px !important;}&#8220;][vc_custom_heading text=&#8220;&#8220; font_container=&#8220;tag:h1|text_align:center&#8220; use_theme_fonts=&#8220;yes&#8220; fit_bg_text=&#8220;0&#8243; css=&#8220;.vc_custom_1612376672767{margin-bottom: -20px !important;}&#8220;][\/vc_column][\/vc_row][vc_row full_height=&#8220;yes&#8220; parallax=&#8220;content-moving-fade&#8220; parallax_image=&#8220;7258&#8243; iron_row_type=&#8220;full_width&#8220; iron_remove_padding_medium=&#8220;tabletnopadding&#8220; iron_remove_padding_small=&#8220;&#8220; iron_overlay_pattern=&#8220;&#8220; iron_parallax=&#8220;&#8220; iron_bg_video=&#8220;&#8220;][vc_column el_class=&#8220;.nopadding&#8220;][\/vc_column][\/vc_row][vc_row iron_row_type=&#8220;full_width&#8220; iron_remove_padding_medium=&#8220;tabletnopadding&#8220; iron_remove_padding_small=&#8220;&#8220; iron_overlay_pattern=&#8220;&#8220; iron_parallax=&#8220;&#8220; iron_bg_video=&#8220;&#8220; css=&#8220;.vc_custom_1491998717774{margin-top: 100px !important;margin-bottom: 100px !important;padding-right: 10px !important;padding-left: 10px !important;}&#8220;][vc_column][vc_empty_space height=&#8220;10px&#8220;][vc_row_inner gap=&#8220;30&#8243; iron_bg_video=&#8220;&#8220;][vc_column_inner][vc_column_text css=&#8220;.vc_custom_1612377644115{margin-right: 4px !important;}&#8220;]Traumton existiert als Musikproduktionsfirma und Studio seit 1989, das Label Traumton Records wurde 1992 gegr\u00fcndet. Auf Seite des Labels haben wir uns spezialisiert auf [&hellip;]<\/p>\n","protected":false},"author":1,"featured_media":0,"parent":0,"menu_order":0,"comment_status":"closed","ping_status":"closed","template":"","meta":{"footnotes":""},"class_list":["post-7274","page","type-page","status-publish","hentry"],"_links":{"self":[{"href":"https:\/\/www.traumton.de\/records\/wp-json\/wp\/v2\/pages\/7274","targetHints":{"allow":["GET"]}}],"collection":[{"href":"https:\/\/www.traumton.de\/records\/wp-json\/wp\/v2\/pages"}],"about":[{"href":"https:\/\/www.traumton.de\/records\/wp-json\/wp\/v2\/types\/page"}],"author":[{"embeddable":true,"href":"https:\/\/www.traumton.de\/records\/wp-json\/wp\/v2\/users\/1"}],"replies":[{"embeddable":true,"href":"https:\/\/www.traumton.de\/records\/wp-json\/wp\/v2\/comments?post=7274"}],"version-history":[{"count":40,"href":"https:\/\/www.traumton.de\/records\/wp-json\/wp\/v2\/pages\/7274\/revisions"}],"predecessor-version":[{"id":9007,"href":"https:\/\/www.traumton.de\/records\/wp-json\/wp\/v2\/pages\/7274\/revisions\/9007"}],"wp:attachment":[{"href":"https:\/\/www.traumton.de\/records\/wp-json\/wp\/v2\/media?parent=7274"}],"curies":[{"name":"wp","href":"https:\/\/api.w.org\/{rel}","templated":true}]}}