{"id":7353,"date":"2021-02-04T11:29:26","date_gmt":"2021-02-04T10:29:26","guid":{"rendered":"https:\/\/www.traumton.de\/records\/?page_id=7353"},"modified":"2021-02-04T11:29:26","modified_gmt":"2021-02-04T10:29:26","slug":"datenschutz","status":"publish","type":"page","link":"https:\/\/www.traumton.de\/records\/datenschutz\/","title":{"rendered":"Datenschutzerkl\u00e4rung"},"content":{"rendered":"<section class=\"wpb-content-wrapper\"><p>[vc_row iron_row_type=&#8220;full_width&#8220; iron_remove_padding_medium=&#8220;tabletnopadding&#8220; iron_remove_padding_small=&#8220;&#8220; iron_overlay_pattern=&#8220;&#8220; iron_parallax=&#8220;&#8220; iron_bg_video=&#8220;&#8220; css=&#8220;.vc_custom_1491998156906{margin-top: 50px !important;margin-bottom: 100px !important;}&#8220;][vc_column][vc_custom_heading source=&#8220;post_title&#8220; font_container=&#8220;tag:h4|font_size:13px|text_align:center|color:%23686868|line_height:16px&#8220; use_theme_fonts=&#8220;yes&#8220; fit_bg_text=&#8220;0&#8243; css=&#8220;.vc_custom_1611754108265{margin-bottom: 50px !important;}&#8220;][\/vc_column][\/vc_row][vc_row iron_row_type=&#8220;full_width&#8220; iron_remove_padding_medium=&#8220;tabletnopadding&#8220; iron_remove_padding_small=&#8220;&#8220; iron_overlay_pattern=&#8220;&#8220; iron_parallax=&#8220;&#8220; iron_bg_video=&#8220;&#8220; css=&#8220;.vc_custom_1491998717774{margin-top: 100px !important;margin-bottom: 100px !important;padding-right: 10px !important;padding-left: 10px !important;}&#8220;][vc_column][vc_empty_space height=&#8220;10px&#8220;][vc_row_inner gap=&#8220;30&#8243; iron_bg_video=&#8220;&#8220;][vc_column_inner][vc_column_text css=&#8220;.vc_custom_1612434549798{margin-right: 4px !important;}&#8220;]<strong>Datenschutzbestimmungen<\/strong> von <a href=\"http:\/\/www.traumton.de\">http:\/\/www.traumton.de<\/a> .<\/p>\n<p><a href=\"http:\/\/www.traumton.de\">http:\/\/www.traumton.de<\/a> wird betrieben von <strong>TRAUMTON RECORDS<\/strong>, der Stefanie Marcus &amp; Wolfgang Loos GbR, Grunewaldstr. 9, D-13597 Berlin\/Germany, Phone +49 (0)30-331 93 50, Mail: <a href=\"mailto:traumton@traumton.de\">traumton@traumton.de<\/a> (nachfolgend: \u201c<strong>TRAUMTON\u201c genannt)<\/strong>.<\/p>\n<p><strong>Verantwortliche i.S.d. DSGVO, Datenschutz allgemein<\/strong><\/p>\n<p>Die Stefanie Marcus &amp; Wolfgang Loos GbR, Grunewaldstr. 9, D-13597 Berlin\/Germany, Phone +49 (0)30-331 93 50, Mail: <a href=\"mailto:traumton@traumton.de\">traumton@traumton.de<\/a>, ist Verantwortliche i.S.d. Datenschutzgrundverordnung (DSGVO).<br \/>\nWir nehmen den Schutz personenbezogener Daten sehr ernst. Wir beachten beim Betrieb unserer Website und der M\u00f6glichkeit der Bestellung \u00fcber unsere Website die gesetzlichen Datenschutzbestimmungen. Wir m\u00f6chten, dass Sie wissen, wann wir welche Daten erheben, verarbeiten und nutzen und welche Rechte Ihnen im Hinblick auf die Verwendung von Ihren Daten zustehen.<\/p>\n<p>Personenbezogene Daten sind Informationen, die dazu genutzt werden k\u00f6nnen, Ihre Identit\u00e4t zu erfahren. Darunter fallen Informationen wie Ihr Name, Adresse, Postanschrift, Telefonnummer, IP- Adresse und E-Mail-Adresse. Informationen, die nicht mit Ihrer Identit\u00e4t in Verbindung gebracht werden (wie zum Beispiel die Anzahl der Nutzerinnen und Nutzer der Website), fallen nicht darunter. Sie k\u00f6nnen unsere Website grunds\u00e4tzlich ohne Offenlegung Ihrer Identit\u00e4t, also ohne Eingabe der personenbezogenen Daten, nutzen. Diese Informationen (bspw. Datum und Uhrzeit des Zugriffs, URL (die Sie zu uns gef\u00fchrt hat und ggf. die Sie \u00fcber unsere Website aufrufen), Browser, Betriebssystem, Internet- Service- Provider, IP- Adresse) werden in einem Logfile abgespeichert. Rechtsgrundlage ist Art. 6 Abs. 1 lit. f DSGVO. Die Speicherung findet statt, um die Funktionsf\u00e4higkeit, Optimierung und Sicherheit\u00a0 unserer Website sicherzustellen. Diese Informationen werden automatisch erhoben, es gibt keine Widerspruchsm\u00f6glichkeit. Nach sp\u00e4testens sieben Tagen werden die Logfiles gel\u00f6scht oder in der Weise verfremdet, dass eine Zuordnung nicht mehr m\u00f6glich ist. Ausnahmen gelten f\u00fcr die entsprechend gekennzeichneten Bereiche, wie die Nutzung unseres Kontaktformulars oder unseres Newsletters.<\/p>\n<p><strong>Rechtsgrundlagen nach der DSGVO<\/strong><\/p>\n<p>Wir sind verpflichtet, Ihnen die Rechtsgrundlagen f\u00fcr die Verarbeitung personenbezogener Daten zu nennen:<br \/>\nWir d\u00fcrfen Ihre personenbezogenen Daten grunds\u00e4tzlich nur nach Ihrer Einwilligung erheben und verarbeiten, Art. 6 Abs. 1 lit. a DSGVO, es sei denn, eine vorherige Einholung ist nicht m\u00f6glich oder das Gesetz hat Ausnahmen bestimmt.<\/p>\n<p>Wir verarbeiten die von Ihnen erhobenen personenbezogenen Daten zur Erf\u00fcllung unseres Vertrages oder auch bereits Vertragsanbahnungsverh\u00e4ltnisses. Rechtsgrundlage ist Art. 6 Abs. 1 lit. b DSGVO. Weitere Rechtsgrundlagen f\u00fcr die Verarbeitung personenbezogener Daten ist die Erf\u00fcllung unserer rechtlichen Verpflichtungen Art. 6 Abs. 1 lit.c. DSGVO oder die Wahrung lebenswichtiger Interessen Ihrer oder einer anderen nat\u00fcrlichen Person Art. 6 Abs. 1 lit. d DSGVO.<\/p>\n<p>Wir d\u00fcrfen personenbezogene Daten ferner bei einem berechtigten Interesse unseres Unternehmens gem\u00e4\u00df Art. 6 Abs. 1 lit.f DSGVO verarbeiten, wenn in einer vorzunehmenden Abw\u00e4gung, Ihre Interessen, Grundrechte und Grundfreiheiten unsere Interessen nicht \u00fcberwiegen.<\/p>\n<p>Wir m\u00fcssen Sie auch darauf hinweisen, dass die Daten\u00fcbertragung im Internet mit Sicherheitsrisiken verbunden ist und ein l\u00fcckenloser Schutz der Daten vor dem Zugriff Dritter daher nicht gew\u00e4hrleistet werden kann. Achten Sie bitte Ihrerseits darauf, dass Ihre Daten und Ihr Endger\u00e4t vor dem unberechtigten Zugriff Dritter und mit einer stets aktuellen Sicherheitssoftware gesch\u00fctzt sind.<\/p>\n<p>Ihre Angaben speichern wir auf besonders gesch\u00fctzten Servern in Deutschland. Unsere Sicherheitsma\u00dfnahmen verbessern wir fortlaufend entsprechend der technischen Entwicklung. Die Speicherung, Verarbeitung und Nutzung Ihrer Daten erfolgt bis auf die in diesen Datenschutzbestimmungen geregelten besonderen F\u00e4lle im \u00dcbrigen nur zur Kontaktaufnahme mit Ihnen sowie zur Abwicklung des ggf. entstehenden Vertragsverh\u00e4ltnisses. Der Zugriff darauf ist nur wenigen besonders befugten Personen m\u00f6glich, die mit der technischen und inhaltlichen Betreuung des Bestellvorgangs befasst sind.<\/p>\n<p><strong>Marketingzwecke\/ Newsletter<\/strong><\/p>\n<p>Ihre Angaben d\u00fcrfen wir nur mit Ihrer vorherigen Einwilligung f\u00fcr Marketingzwecke verwenden. Wenn Sie sich f\u00fcr unseren \u201cNewsletter\u201c eintragen, werden Sie regelm\u00e4\u00dfig kostenlos Neuigkeiten von \u00a0Traumton Records \u00fcber die von Ihnen angegebene E- Mail- Adresse erhalten. Daf\u00fcr m\u00fcssen Sie uns eine gesonderte Einwilligung unter Verweis auf unsere Datenschutzbestimmungen erteilen, es ist nur die Angabe Ihrer E- Mail- Adresse erforderlich. Rechtsgrundlage f\u00fcr die Zusendung des Newsletter ist Art. 6 Abs. 1 lit. a DSGVO. Wir erheben Ihre IP- Adresse und Datum sowie Uhrzeit Ihrer Anmeldung nach dem sog. \u201cDouble-Opt-In- Verfahren\u201c. Wir d\u00fcrfen Ihnen gem\u00e4\u00df \u00a7 7 Abs. 2 und 3 UWG auch unseren Newsletter zusenden, wenn Sie \u00fcber <strong>TRAUMTON<\/strong> Ware erworben haben. Diesen Newsletter k\u00f6nnen Sie jederzeit, ohne dass hierf\u00fcr andere Kosten als die \u00dcbermittlungskosten nach den Basistarifen entstehen, wieder unter der Rubrik \u201cNewsletter\u201c abbestellen, dies stellt einen Widerruf Ihrer Einwilligung dar. Ihre f\u00fcr die Anmeldung angegebene E- Mail- Adresse wird dann gel\u00f6scht. Eine entsprechende Abbestellfunktion finden Sie zus\u00e4tzlich auch im Rahmen eines jeden Newsletters. Ggf. sonstige neben der E- Mail- Adresse im Rahmen der Anmeldung unseres Newsletters erfragte Angaben werden bereits nach 7 Tagen gel\u00f6scht.<\/p>\n<p><strong>Nutzung des Versanddienstleisters \u201cDirect Mail\u201c<\/strong><\/p>\n<p>Wir haben uns hinsichtlich des Versands und der Auswertung unserer Newsletter f\u00fcr den<br \/>\nUS- Versanddienstleister \u201cDirect Mail\u201c, e3 Software, 465 Fairchild Dr., Suite 229, Mountain View, CA 94043, entschieden (nachfolgend: \u201cDirect Mail\u201c genannt). Direct Mail hat einen Informationsbrief \u00fcber die DSGVO (= GDPR, <a href=\"https:\/\/gdpr-info.eu\">General Data Protection Regulation<\/a>) in englischer Sprache zur Verf\u00fcgung gestellt mit n\u00e4heren Informationen: <a href=\"https:\/\/directmailmac.com\/support\/article\/544\">https:\/\/directmailmac.com\/support\/article\/544<\/a>. F\u00fcr die Dienstleistung in unserem Auftrag erh\u00e4lt und speichert Direct Mail die E- Mail- Adressen unserer Kunden, weitere Angaben, (z.B. IP- Adresse) sowie die Protokollierung der Daten, die im Rahmen des Anmelde- und Best\u00e4tigungszeitpunktes der Newsletterbestellung unserer Kunden nach Ma\u00dfgabe des von uns genutzten sog. \u201cDouble- Opt- In- Verfahrens\u201c erfasst werden.<\/p>\n<p>Direct Mail ist nicht berechtigt, unsere Kunden anzuschreiben oder Ihre Daten weiterzugeben. Direct Mail nutzt die Daten jedoch zur Optimierung ihres eigenen Versandservices. Ferner gelangen Sie direkt auf die Seite von Direct Mail, wenn Sie bspw. nachtr\u00e4glich Ihre E- Mail- Adresse zum Versand korrigieren oder einen Newsletter online abrufen. Auf der Website von Direct Mail werden Cookies gesetzt und personenbezogene Daten erhoben. Die Datenschutzbestimmungen von Direct Mail k\u00f6nnen Sie (in englischer Sprache) im Einzelnen hier einsehen: <a href=\"https:\/\/directmailmac.com\/privacy\">https:\/\/directmailmac.com\/privacy<\/a> .<\/p>\n<p>Um das Leseverhalten unserer Kunden zu kennen und um unser Marketing zu verbessern, haben wir unsere Newsletter mit einer Datei versehen, die beim \u00d6ffnen des Newsletters von Direct Mail abgerufen wird. Damit erh\u00e4lt Direct Mail \u00fcber deren Server Informationen \u00fcber Ihren Browser, Zeitpunkt und Ort des Abrufs sowie Ihre IP- Adresse. Statistisch (dem Newsletter- Empf\u00e4nger zuordenbar) k\u00f6nnen wir damit erfassen, wann, wie oft und in welcher Weise unsere Newsletter ge\u00f6ffnet wurden und ob Links bet\u00e4tigt wurden. Die Nutzung des Versanddienstleisters Direct Mail erfolgt auf Grundlage von Art. 6 Abs. 1 lit f DSGVO. Unser berechtigtes Interesse st\u00fctzen wir auf unser gesch\u00e4ftliches Anliegen dahingehend, dass unsere Newsletter bedienungsfreundlich und kundenoptimiert sind. Wir haben mit Direct Mail einen Data- Processing- Agreement vgl. <a href=\"https:\/\/directmailmac.com\/privacy\/dpa\">https:\/\/directmailmac.com\/privacy\/dpa<\/a> abgeschlossen, im Rahmen dessen Direct Mail sich verpflichtet, Datenschutzvorgaben nach dem Ma\u00dfstab unserer EU- Standardvertragsklauseln einzuhalten, insbesondere Ihre Daten zu sch\u00fctzen. Ferner durchl\u00e4uft Direct Mail derzeit das Zertifizierungsverfahren des unter dem zwischen der EU und dem USA abgeschlossenen Datenschutzabkommen \u201cPrivacy Shield\u201c <a href=\"https:\/\/www.privacyshield.gov\/welcome\">https:\/\/www.privacyshield.gov\/welcome<\/a> .<br \/>\nAbschlie\u00dfend m\u00f6chten wir Sie darauf hinweisen, dass Ihnen neben dem gesetzlichen Widerspruchsrecht gem\u00e4\u00df Art. 21 DSGVO auch eine Widerspruchsm\u00f6glichkeit in die Datenerhebung zu Werbezwecken zusteht, bspw. unter <a href=\"http:\/\/youradchoices.com\/appchoices\">http:\/\/youradchoices.com\/appchoices<\/a>.<\/p>\n<p><strong>Weitergabe personenbezogener Daten an Dritte<\/strong><\/p>\n<p>Wir verwenden Ihre personenbezogenen Informationen nur innerhalb von <strong>TRAUMTON <\/strong>zur Erf\u00fcllung und Abwicklung Ihres Auftrags. Wir geben Ihre Daten nicht ohne Ihre ausdr\u00fcckliche Einwilligung an Dritte weiter. Zur Vertragserf\u00fcllung geben wir Ihre Daten an das mit der Lieferung beauftragte Versandunternehmen weiter, soweit dies zur Lieferung bestellter Ware erforderlich ist. Zur Abwicklung von Zahlungen geben wir die hierf\u00fcr erforderlichen Zahlungsdaten an das mit der Zahlung beauftragte Kreditinstitut und den ggf. von uns beauftragten Zahlungsdienstleister weiter. Zu einer \u00dcbermittlung von Daten an auskunftsberechtigte Stellen verpflichten wir uns gem\u00e4\u00df den gesetzlichen Bestimmungen.<\/p>\n<p><strong>Betroffenenrechte (Auskunftsrecht, Recht auf Berichtigung und Einschr\u00e4nkung, L\u00f6schung, Widerrufsrecht, Daten\u00fcbertragungsrecht, Ihr Recht bei automatisierten Entscheidungen, Widerspruchsrecht, Unterrichtungsrecht, Beschwerderecht bei der Aufsichtsbeh\u00f6rde).<\/strong><\/p>\n<p>Die DSGVO st\u00e4rkt Ihre Rechte als Betroffener, wenn personenbezogene Daten verarbeitet werden. Die Aus\u00fcbung Ihrer Rechte ist kostenlos.<\/p>\n<p><strong>Auskunftsrecht:<\/strong> Wir sind verpflichtet, Ihnen auf Antrag Auskunft zu erteilen \u00fcber die zu Ihrer Person gespeicherten Daten, auch, soweit sie sich auf die Herkunft dieser Daten beziehen, die Empf\u00e4nger oder Kategorien von Empf\u00e4ngern, den Zweck und die Dauer der Speicherung, ggf. unter Nennung von Ihren Kriterien, Art. 15 DSGVO.<\/p>\n<p><strong>Berichtigungsrecht:<\/strong> Ihr Recht auf Berichtigung umfasst personenbezogene Daten, die nicht vollst\u00e4ndig oder unrichtig bei uns erhoben bzw. verarbeitet werden, Art. 16 DSGVO.<\/p>\n<p><strong>L\u00f6schungsrecht:<\/strong> Sie besitzen ein L\u00f6schungsrecht, wenn personenbezogene Daten unrechtm\u00e4\u00dfig verarbeitet wurden, der Zweck der Datenverarbeitung nicht mehr vorliegt, Sie Ihre Einwilligung widerrufen oder Widerspruch erhoben haben und keine anderweitige gesetzliche Grundlage f\u00fcr die Verarbeitung besteht, Art. 17 Abs. 1 DSGVO. Wir sind auch verpflichtet, Dritte dar\u00fcber zu informieren, dass Sie die L\u00f6schung aller personenbezogener Daten sowie Vervielf\u00e4ltigungen verlangt haben. Ein L\u00f6schungsanspruch besteht nicht, wenn wir uns auf die Wahrnehmung unserer Rechtsanspr\u00fcche berufen d\u00fcrfen, zur Erf\u00fcllung einer rechtlichen Verpflichtung, aus Gr\u00fcnden des \u00f6ffentlichen Interesses, zur \u00fcbertragenen Aus\u00fcbung \u00f6ffentlicher Gewalt oder aufgrund des Rechts der Meinungsfreiheit.<\/p>\n<p><strong>Einschr\u00e4nkungsrecht:<\/strong> Ihr Recht auf Einschr\u00e4nkung in die Verarbeitung Ihrer personenbezogenen Daten besitzen Sie gem\u00e4\u00df Art 18 DSGVO, wenn Sie statt der L\u00f6schung die Einschr\u00e4nkung verlangen, Sie Ihre Daten f\u00fcr Ihre Rechtsanspr\u00fcche ben\u00f6tigen oder Sie die Richtigkeit der personenbezogenen Daten bestreiten.<\/p>\n<p><strong>Widerrufsrecht:<\/strong> Sie k\u00f6nnen jederzeit Ihre einmal erteilte Einwilligungserkl\u00e4rung f\u00fcr die Zukunft widerrufen, Art. 7 Abs. 3 DSGVO.<\/p>\n<p><strong>Daten\u00fcbermittlungsrecht: <\/strong>Ihnen steht das Recht auf Daten\u00fcbertragbarkeit zu, Art. 20 DSGVO, dahingehend, dass Sie Ihre personenbezogenen Daten in einem strukturierten, g\u00e4ngigen und maschinenlesbaren Format erhalten. Ferner steht Ihnen das Recht zu, diese Daten ggf. einem Dritten zu \u00fcbermitteln, wenn die Verarbeitung aufgrund eines automatisierten Verfahrens durchgef\u00fchrt wird oder eine Einwilligung vorliegt oder aufgrund eines Vertragsverh\u00e4ltnisses beruht. Das \u00f6ffentliche Interesse oder die Aus\u00fcbung \u00f6ffentlicher Gewalt k\u00f6nnen das Recht auf \u00dcbertragbarkeit ausschlie\u00dfen.<\/p>\n<p><strong>Ihr Recht bei automatisierten Entscheidungen im Einzelfall einschlie\u00dflich Profiling<\/strong> hat gem\u00e4\u00df Art. 22 DSGVO den Inhalt, nicht einer Entscheidung auf Grundlage einer automatisierten Verarbeitung unterworfen zu sein, die Sie erheblich beeintr\u00e4chtigt. Eine Ausnahme kann neben Ihrer Einwilligung dann bestehen, wenn eine Erforderlichkeit zu bejahen ist im Rahmen des Vertragsverh\u00e4ltnisses oder gesetzliche Vorschriften dies vorschreiben und gleichzeitig Ma\u00dfnahmen Sie hinreichend sch\u00fctzen. Bei besonderen Kategorien personenbezogener Daten sind Art 9 Abs. 1 und Abs. 2 lit a und g DSGVO zus\u00e4tzlich zu beachten.<\/p>\n<p><strong>Widerspruchsrecht:<\/strong> Sie besitzen ein jederzeit auszu\u00fcbendes Widerspruchsrecht gegen die Verarbeitung Ihrer personenbezogener Daten, Art. 21 DSGVO, wenn die Verarbeitung auf Grundlage von Art. 6 Abs. 1 lit. e oder f DSGVO erfolgt. Dieses Recht haben Sie insbesondere, um Direktwerbung zu widersprechen.<\/p>\n<p><strong>Beschwerderecht bei der Aufsichtsbeh\u00f6rde:<\/strong> Soweit Sie der Ansicht sind, dass die Verarbeitung Ihrer personenbezogener Daten gegen datenschutzrechtliche Bestimmungen, insbesondere die DSGVO, verst\u00f6\u00dft, haben Sie das Recht der Beschwerde bei einer Aufsichtsbeh\u00f6rde, Art. 77 DSGVO, die sie gem\u00e4\u00df Art. 78 DSGVO unterrichten wird. Zust\u00e4ndig ist die Aufsichtsbeh\u00f6rde des Ortes des von Ihnen monierten Versto\u00dfes, Ihres Arbeitsplatzes oder in dem Mitgliedstaat Ihres Aufenthaltsortes. Weitergehende Rechtsbehelfe bleiben hiervon unber\u00fchrt.<\/p>\n<p><u>Sie erreichen uns unter:<\/u><\/p>\n<p><strong>TRAUMTON RECORDS<\/strong>, Stefanie Marcus &amp; Wolfgang Loos GbR, Grunewaldstr. 9, D-13597 Berlin\/Germany, Phone +49 (0)30-331 93 50, Mail: <a href=\"mailto:traumton@traumton.de\">traumton@traumton.de<\/a>.<\/p>\n<p>Soweit Sie Ihre Betroffenenrechte gegen\u00fcber uns ausge\u00fcbt haben, besitzen Sie ein Recht auf Unterrichtung dahingehend, dass wir allen Empf\u00e4ngern, denen wir Ihre personenbezogenen Daten offengelegt haben, die Aus\u00fcbung Ihrer Betroffenenrechte mitteilen, Art. 19 DSGVO.<br \/>\n<strong>\u00a0<\/strong><br \/>\n<strong>Datenschutzbestimmungen hinsichtlich der Facebook- Verlinkung, Ausloggen<\/strong><\/p>\n<p><strong>TRAUMTON<\/strong> verwendet ein Facebook Bild, welches lediglich als Verlinkung ausgestaltet ist, ein sogenanntes Icon des sozialen Netzwerkes Facebook, erkennbar an dem \u201cwei\u00dfen F im blauen K\u00e4stchen\u201c. Es handelt sich nicht um ein Plugin, welches bereits bei dem blo\u00dfen Aufrufen unserer Website Informationen an Facebook \u00fcbermittelt. Die verlinkte Facebook- Seite wird von der Facebook Inc., 1601 Willow Road, Menlo Park, California, 94025, USA (\u201eFacebook\u201c) betrieben. Unser berechtigtes Interesse st\u00fctzen wir auf Art. 6 Abs. 1 lit f DSGVO und der Optimierung unseres Webseitenangebots im Zusammenspiel mit unserem sozialen Netzwerken Facebook auch im Interesse unserer Nutzer. Wenn Sie unsere Website aufrufen, die ein Facebook- Bild enth\u00e4lt, stellt Ihr Browser nicht automatisch eine direkte Verbindung zu den Servern von Facebook her. Erst wenn Sie dem Link folgen, wird Facebook Ihren Besuch unserer Website Ihrem Facebook- Profil unmittelbar zuordnen, speichern und Ihr Browser stellt eine direkt Verbindung zu dem Server von Facebook her. Weitere Informationen \u00fcber den Zweck und Umfang und die Verarbeitung der Datenerhebung sowie Informationen \u00fcber die Einstellungsm\u00f6glichkeiten zum Schutz Ihrer Privatsph\u00e4re entnehmen Sie bitte den Datenschutzhinweisen von Facebook: <a href=\"https:\/\/www.facebook.com\/policy.php\">https:\/\/www.facebook.com\/policy.php<\/a> . Wenn Sie vermeiden wollen, dass Facebook die \u00fcber unsere Website gesammelten Daten unmittelbar Ihrem Facebook- Profil zuordnet, m\u00fcssen Sie sich vor Ihrem Besuch unserer Website bei Facebook ausloggen.<\/p>\n<p><strong>\u00a0<\/strong><br \/>\n<strong>Dauer der Datenspeicherung, Datenl\u00f6schung<\/strong><\/p>\n<p>Wir speichern Ihre Daten nur so lange, wie es durch die genannten Normen der DSGVO vorgeschriebene Speicherfrist erlaubt, zur Bestellung und Abwicklung \u00fcber unsere Website und\/oder der von Ihnen ggf. gew\u00fcnschten Kontaktm\u00f6glichkeit sowie Newsletterzusendung notwendig ist. Die Speicherung zur Sicherung unserer eigenen Anspr\u00fcche, gesetzliche Aufbewahrungs- und ggf. damit verbundene Herausgabeanspr\u00fcche, bleiben hiervon unber\u00fchrt. Andernfalls werden personenbezogene Daten gel\u00f6scht oder gesperrt.<\/p>\n<p><strong>Geltung und \u00c4nderungen von Datenschutzbestimmungen<\/strong><\/p>\n<p><strong>TRAUMTON<\/strong> beh\u00e4lt sich aufgrund gesetzlicher Vorgaben oder der Weiterentwicklung der Websites vor, die Datenschutzbestimmungen zu \u00e4ndern.<\/p>\n<p>Die aktuellen Datenschutzbestimmungen k\u00f6nnen Sie jederzeit auf unserer Website einsehen und ausdrucken.<\/p>\n<p><strong>Berlin, TRAUMTON, 25. Mai 2018 <\/strong>[\/vc_column_text][\/vc_column_inner][\/vc_row_inner][vc_empty_space][\/vc_column][\/vc_row][vc_row][vc_column][vc_btn title=&#8220;Contact us&#8220; align=&#8220;center&#8220; link=&#8220;url:http%3A%2F%2F2020.traumton.de%2Fcontact%2F&#8220;][\/vc_column][\/vc_row]<\/p>\n<\/section>","protected":false},"excerpt":{"rendered":"<p>[vc_row iron_row_type=&#8220;full_width&#8220; iron_remove_padding_medium=&#8220;tabletnopadding&#8220; iron_remove_padding_small=&#8220;&#8220; iron_overlay_pattern=&#8220;&#8220; iron_parallax=&#8220;&#8220; iron_bg_video=&#8220;&#8220; css=&#8220;.vc_custom_1491998156906{margin-top: 50px !important;margin-bottom: 100px !important;}&#8220;][vc_column][vc_custom_heading source=&#8220;post_title&#8220; font_container=&#8220;tag:h4|font_size:13px|text_align:center|color:%23686868|line_height:16px&#8220; use_theme_fonts=&#8220;yes&#8220; fit_bg_text=&#8220;0&#8243; css=&#8220;.vc_custom_1611754108265{margin-bottom: 50px !important;}&#8220;][\/vc_column][\/vc_row][vc_row iron_row_type=&#8220;full_width&#8220; iron_remove_padding_medium=&#8220;tabletnopadding&#8220; iron_remove_padding_small=&#8220;&#8220; iron_overlay_pattern=&#8220;&#8220; iron_parallax=&#8220;&#8220; iron_bg_video=&#8220;&#8220; css=&#8220;.vc_custom_1491998717774{margin-top: 100px !important;margin-bottom: 100px !important;padding-right: 10px !important;padding-left: 10px !important;}&#8220;][vc_column][vc_empty_space height=&#8220;10px&#8220;][vc_row_inner gap=&#8220;30&#8243; iron_bg_video=&#8220;&#8220;][vc_column_inner][vc_column_text css=&#8220;.vc_custom_1612434549798{margin-right: 4px !important;}&#8220;]Datenschutzbestimmungen von http:\/\/www.traumton.de . http:\/\/www.traumton.de wird betrieben von TRAUMTON RECORDS, der Stefanie Marcus &amp; Wolfgang Loos GbR, Grunewaldstr. 9, D-13597 Berlin\/Germany, Phone +49 (0)30-331 93 50, Mail: traumton@traumton.de (nachfolgend: \u201cTRAUMTON\u201c genannt). Verantwortliche i.S.d. DSGVO, Datenschutz allgemein Die Stefanie Marcus &amp; Wolfgang [&hellip;]<\/p>\n","protected":false},"author":1,"featured_media":0,"parent":0,"menu_order":0,"comment_status":"closed","ping_status":"closed","template":"","meta":{"footnotes":""},"class_list":["post-7353","page","type-page","status-publish","hentry"],"_links":{"self":[{"href":"https:\/\/www.traumton.de\/records\/wp-json\/wp\/v2\/pages\/7353","targetHints":{"allow":["GET"]}}],"collection":[{"href":"https:\/\/www.traumton.de\/records\/wp-json\/wp\/v2\/pages"}],"about":[{"href":"https:\/\/www.traumton.de\/records\/wp-json\/wp\/v2\/types\/page"}],"author":[{"embeddable":true,"href":"https:\/\/www.traumton.de\/records\/wp-json\/wp\/v2\/users\/1"}],"replies":[{"embeddable":true,"href":"https:\/\/www.traumton.de\/records\/wp-json\/wp\/v2\/comments?post=7353"}],"version-history":[{"count":1,"href":"https:\/\/www.traumton.de\/records\/wp-json\/wp\/v2\/pages\/7353\/revisions"}],"predecessor-version":[{"id":7354,"href":"https:\/\/www.traumton.de\/records\/wp-json\/wp\/v2\/pages\/7353\/revisions\/7354"}],"wp:attachment":[{"href":"https:\/\/www.traumton.de\/records\/wp-json\/wp\/v2\/media?parent=7353"}],"curies":[{"name":"wp","href":"https:\/\/api.w.org\/{rel}","templated":true}]}}